{"id":213,"date":"2020-04-22T20:56:55","date_gmt":"2020-04-22T20:56:55","guid":{"rendered":"http:\/\/www.niedzinski.pl.stronazen.pl\/?page_id=213"},"modified":"2022-12-30T16:38:51","modified_gmt":"2022-12-30T16:38:51","slug":"publikacje","status":"publish","type":"page","link":"https:\/\/niedzinski.pl\/index.php\/publikacje\/","title":{"rendered":"publikacje"},"content":{"rendered":"\t\t<div data-elementor-type=\"wp-page\" data-elementor-id=\"213\" class=\"elementor elementor-213\" data-elementor-settings=\"[]\">\n\t\t\t\t\t\t<div class=\"elementor-inner\">\n\t\t\t\t\t\t\t<div class=\"elementor-section-wrap\">\n\t\t\t\t\t\t\t<section class=\"elementor-section elementor-top-section elementor-element elementor-element-508f2a48 elementor-section-stretched elementor-section-full_width elementor-section-height-min-height elementor-section-height-default elementor-section-items-middle\" data-id=\"508f2a48\" data-element_type=\"section\" data-settings=\"{&quot;stretch_section&quot;:&quot;section-stretched&quot;}\">\n\t\t\t\t\t\t<div class=\"elementor-container elementor-column-gap-wide\">\n\t\t\t\t\t\t\t<div class=\"elementor-row\">\n\t\t\t\t\t<div class=\"elementor-column elementor-col-100 elementor-top-column elementor-element elementor-element-7dab3099\" data-id=\"7dab3099\" data-element_type=\"column\">\n\t\t\t<div class=\"elementor-column-wrap elementor-element-populated\">\n\t\t\t\t\t\t\t<div class=\"elementor-widget-wrap\">\n\t\t\t\t\t\t<section class=\"elementor-section elementor-inner-section elementor-element elementor-element-5dd1f01c elementor-section-full_width elementor-section-height-min-height elementor-section-height-default\" data-id=\"5dd1f01c\" data-element_type=\"section\">\n\t\t\t\t\t\t<div class=\"elementor-container elementor-column-gap-wide\">\n\t\t\t\t\t\t\t<div class=\"elementor-row\">\n\t\t\t\t\t<div class=\"elementor-column elementor-col-50 elementor-inner-column elementor-element elementor-element-2ba2727e\" data-id=\"2ba2727e\" data-element_type=\"column\" data-settings=\"{&quot;background_background&quot;:&quot;classic&quot;}\">\n\t\t\t<div class=\"elementor-column-wrap elementor-element-populated\">\n\t\t\t\t\t\t\t<div class=\"elementor-widget-wrap\">\n\t\t\t\t\t\t<div class=\"elementor-element elementor-element-94b6884 animated-slow elementor-invisible elementor-widget elementor-widget-heading\" data-id=\"94b6884\" data-element_type=\"widget\" data-settings=\"{&quot;_animation&quot;:&quot;fadeInRight&quot;}\" data-widget_type=\"heading.default\">\n\t\t\t\t<div class=\"elementor-widget-container\">\n\t\t\t<h2 class=\"elementor-heading-title elementor-size-default\">publikacje<\/h2>\t\t<\/div>\n\t\t\t\t<\/div>\n\t\t\t\t\t\t<\/div>\n\t\t\t\t\t<\/div>\n\t\t<\/div>\n\t\t\t\t<div class=\"elementor-column elementor-col-50 elementor-inner-column elementor-element elementor-element-34397f43\" data-id=\"34397f43\" data-element_type=\"column\" data-settings=\"{&quot;background_background&quot;:&quot;classic&quot;}\">\n\t\t\t<div class=\"elementor-column-wrap\">\n\t\t\t\t\t\t\t<div class=\"elementor-widget-wrap\">\n\t\t\t\t\t\t\t\t<\/div>\n\t\t\t\t\t<\/div>\n\t\t<\/div>\n\t\t\t\t\t\t\t\t<\/div>\n\t\t\t\t\t<\/div>\n\t\t<\/section>\n\t\t\t\t\t\t<\/div>\n\t\t\t\t\t<\/div>\n\t\t<\/div>\n\t\t\t\t\t\t\t\t<\/div>\n\t\t\t\t\t<\/div>\n\t\t<\/section>\n\t\t\t\t<section class=\"elementor-section elementor-top-section elementor-element elementor-element-e84b096 elementor-section-boxed elementor-section-height-default elementor-section-height-default\" data-id=\"e84b096\" data-element_type=\"section\">\n\t\t\t\t\t\t\t<div class=\"elementor-background-overlay\"><\/div>\n\t\t\t\t\t\t\t<div class=\"elementor-container elementor-column-gap-default\">\n\t\t\t\t\t\t\t<div class=\"elementor-row\">\n\t\t\t\t\t<div class=\"elementor-column elementor-col-100 elementor-top-column elementor-element elementor-element-3afb793\" data-id=\"3afb793\" data-element_type=\"column\" data-settings=\"{&quot;background_background&quot;:&quot;classic&quot;}\">\n\t\t\t<div class=\"elementor-column-wrap elementor-element-populated\">\n\t\t\t\t\t\t\t<div class=\"elementor-widget-wrap\">\n\t\t\t\t\t\t<section class=\"elementor-section elementor-inner-section elementor-element elementor-element-9d1f915 elementor-section-content-top elementor-section-boxed elementor-section-height-default elementor-section-height-default\" data-id=\"9d1f915\" data-element_type=\"section\" data-settings=\"{&quot;background_background&quot;:&quot;classic&quot;}\">\n\t\t\t\t\t\t<div class=\"elementor-container elementor-column-gap-no\">\n\t\t\t\t\t\t\t<div class=\"elementor-row\">\n\t\t\t\t\t<div class=\"elementor-column elementor-col-100 elementor-inner-column elementor-element elementor-element-c54dc5b\" data-id=\"c54dc5b\" data-element_type=\"column\">\n\t\t\t<div class=\"elementor-column-wrap elementor-element-populated\">\n\t\t\t\t\t\t\t<div class=\"elementor-widget-wrap\">\n\t\t\t\t\t\t<div class=\"elementor-element elementor-element-1d12d48 elementor-widget elementor-widget-image\" data-id=\"1d12d48\" data-element_type=\"widget\" data-widget_type=\"image.default\">\n\t\t\t\t<div class=\"elementor-widget-container\">\n\t\t\t\t\t\t\t\t<div class=\"elementor-image\">\n\t\t\t\t\t\t\t\t\t\t\t\t<img width=\"2103\" height=\"828\" src=\"https:\/\/niedzinski.pl\/wp-content\/uploads\/2020\/04\/Logo_7.png\" class=\"attachment-full size-full\" alt=\"\" loading=\"lazy\" srcset=\"https:\/\/niedzinski.pl\/wp-content\/uploads\/2020\/04\/Logo_7.png 2103w, https:\/\/niedzinski.pl\/wp-content\/uploads\/2020\/04\/Logo_7-300x118.png 300w, https:\/\/niedzinski.pl\/wp-content\/uploads\/2020\/04\/Logo_7-1024x403.png 1024w, https:\/\/niedzinski.pl\/wp-content\/uploads\/2020\/04\/Logo_7-768x302.png 768w, https:\/\/niedzinski.pl\/wp-content\/uploads\/2020\/04\/Logo_7-1536x605.png 1536w, https:\/\/niedzinski.pl\/wp-content\/uploads\/2020\/04\/Logo_7-2048x806.png 2048w\" sizes=\"(max-width: 2103px) 100vw, 2103px\" \/>\t\t\t\t\t\t\t\t\t\t\t\t\t\t<\/div>\n\t\t\t\t\t\t<\/div>\n\t\t\t\t<\/div>\n\t\t\t\t\t\t<\/div>\n\t\t\t\t\t<\/div>\n\t\t<\/div>\n\t\t\t\t\t\t\t\t<\/div>\n\t\t\t\t\t<\/div>\n\t\t<\/section>\n\t\t\t\t<section class=\"elementor-section elementor-inner-section elementor-element elementor-element-01073d1 elementor-section-boxed elementor-section-height-default elementor-section-height-default\" data-id=\"01073d1\" data-element_type=\"section\" data-settings=\"{&quot;background_background&quot;:&quot;classic&quot;,&quot;animation&quot;:&quot;none&quot;}\">\n\t\t\t\t\t\t<div class=\"elementor-container elementor-column-gap-no\">\n\t\t\t\t\t\t\t<div class=\"elementor-row\">\n\t\t\t\t\t<div class=\"elementor-column elementor-col-100 elementor-inner-column elementor-element elementor-element-a95e9f2\" data-id=\"a95e9f2\" data-element_type=\"column\" data-settings=\"{&quot;animation&quot;:&quot;none&quot;}\">\n\t\t\t<div class=\"elementor-column-wrap elementor-element-populated\">\n\t\t\t\t\t\t\t<div class=\"elementor-widget-wrap\">\n\t\t\t\t\t\t<div class=\"elementor-element elementor-element-b4a7289 animated-slow elementor-widget elementor-widget-text-editor\" data-id=\"b4a7289\" data-element_type=\"widget\" data-settings=\"{&quot;_animation&quot;:&quot;none&quot;,&quot;_animation_delay&quot;:13}\" data-widget_type=\"text-editor.default\">\n\t\t\t\t<div class=\"elementor-widget-container\">\n\t\t\t\t\t\t\t\t<div class=\"elementor-text-editor elementor-clearfix\">\n\t\t\t\t<ol><li><strong><em>Dyskryminacja w zatrudnieniu<\/em><\/strong>, Warszawa 2018, ss. 314<\/li><li><strong><em>Kontrola i nadz\u00f3r Pa\u0144stwowej Inspekcji Pracy warunk\u00f3w pracy u pracodawcy<\/em><\/strong>, Warszawa 2008, ss. 90<\/li><li><strong><em>Ustawa o radcach prawnych, komentarz,<\/em><\/strong> Warszawa 2018 (wsp\u00f3\u0142autorstwo z L. Korczak; J. Lema\u0144ska; M. Oko\u0144; J. Przygodzki; T. Scheffler; B. So\u0142tys; R. Stankiewicz \u2013 sw\u00f3j udzia\u0142 oceniam na 12%), ss. 1012<\/li><li><strong>Pisma i umowy z zakresu prawa pracy (materialnego i procesowego) z obja\u015bnieniami, <\/strong>Warszawa 2018, ss. 450<\/li><li><strong><em>Ustawa o Pa\u0144stwowej Inspekcji Pracy, komentarz<\/em><\/strong>, Warszawa 2016 (wsp\u00f3\u0142autorstwo z K. Antolak-Szyma\u0144ski \u2013 sw\u00f3j udzia\u0142 w autorstwie oceniam na 50%), ss. 299<\/li><li><strong><em>Ustawa o szczeg\u00f3lnych zasadach rozwi\u0105zywania z pracownikami stosunk\u00f3w pracy z przyczyn niedotycz\u0105cych pracownik\u00f3w, komentarz<\/em><\/strong>, Warszawa 2016, (wsp\u00f3\u0142autorstwo z E. Nurzy\u0144ska \u2013 Wereszczy\u0144sk\u0105 <br \/>\u2013 sw\u00f3j udzia\u0142 w autorstwie tej\u017ce publikacji oceniam na 50%), ss. 280<\/li><li><strong><em>Kodeks pracy, wyb\u00f3r orzecznictwa<\/em><\/strong>, Warszawa 2015, (wsp\u00f3\u0142autorstwo z \u0141. Majewskim <br \/>\u2013 sw\u00f3j udzia\u0142 w autorstwie tej\u017ce publikacji oceniam na 50%), ss. 665<\/li><li><strong><em>Zak\u0142adowy Fundusz \u015awiadcze\u0144 Socjalnych, komentarz<\/em><\/strong>, Warszawa 2011, ss. 192<\/li><li><strong><em>Prawo pracy i ubezpiecze\u0144 spo\u0142ecznych<\/em><\/strong>, Warszawa 2009, ss. 268<\/li><li><strong><em>Prawo pracy. Wzory pism procesowych. Skrypt dla aplikant\u00f3w radcowskich<\/em><\/strong>, Warszawa 2013, ss. 222<\/li><li><strong><em>Materialne prawo pracy. Wzory um\u00f3w i pism z zakresu prawa pracy z obja\u015bnieniami<\/em><\/strong>, Warszawa 2015, ss. 266<\/li><li><strong><em>Prawo pracy a polityka spo\u0142eczna w<\/em><\/strong><strong>: Polityka Spo\u0142eczna <\/strong>(wsp\u00f3\u0142autorstwo z J. M\u0119cina <br \/>\u2013 sw\u00f3j udzia\u0142 w autorstwie tej\u017ce publikacji oceniam na 50%)<\/li><li><strong><em>Odpowiedzialno\u015b\u0107 dyscyplinarna radcy prawnego, w<\/em><\/strong>: <strong><em>Problemy prawa polskiego i obcego w uj\u0119ciu historycznym, praktycznym i teoretycznym<\/em><\/strong>. Cz\u0119\u015b\u0107 \u00f3sma, pod red. A. Bieleckiego, D. Szafra\u0144skiego oraz T. G\u0105siora, Warszawa 2017, ss. 123-131<\/li><li><strong><em>Nadz\u00f3r Pa\u0144stwowej Inspekcji farmaceutycznej, w: Instytucje Rynku farmaceutycznego<\/em><\/strong>, pod red. R. Stankiewicza, Warszawa 2016, <br \/>ss. 404-422<\/li><li><strong><em>Szczeg\u00f3lna odpowiedzialno\u015b\u0107 pracodawcy z tytu\u0142u rozwi\u0105zania stosunku pracy z powodu dyskryminacyjnego traktowania pracownika, w: Prawo pracy mi\u0119dzy gospodark\u0105 a ochron\u0105 pracy<\/em><\/strong>, ksi\u0119ga jubileuszowa prof. Ludwika Florka, pod red. M. Latos-Mi\u0142kowskiej oraz \u0141. Pisarczyka, Warszawa 2016, ss. 285-294<\/li><li><strong><em>The role of trade unions in collective redundancies, in: trade unions and non-union employee representantion in Europe \u2013 the current state of play and prospects for the time,<\/em><\/strong> J. Carby-Hall, M. Rycak, Warsaw 2016, p. 266-273<\/li><li><strong><em>Nietypowe formy zatrudnienia \u2013 aspekty prawne, w: Problemy prawa polskiego i obcego w uj\u0119ciu historycznym, praktycznym i teoretycznym<\/em><\/strong>. Cz\u0119\u015b\u0107 sz\u00f3sta, pod red. B.T. Bie\u0144kowskiej oraz D. Szafra\u0144skiego, Warszawa 2015, ss. 105-115<\/li><li><strong><em>Formy wykonywania dzia\u0142alno\u015bci gospodarczej przed adwokata i radc\u0119 prawnego, w: Problemy prawa polskiego i obcego w uj\u0119ciu historycznym, praktycznym i teoretycznym. <\/em><\/strong>Cz\u0119\u015b\u0107 pi\u0105ta, pod red. B.T. Bie\u0144kowskiej oraz D. Szafra\u0144skiego, Warszawa 2014, ss. 229-245<\/li><li><strong><em>Oddzia\u0142 zagraniczny przedsi\u0119biorcy jako pracodawca w prawie polskim, w: Przedsi\u0119biorca zagraniczny w Polsce. Aspekty prawne<\/em><\/strong>, pod red. M. Pawe\u0142czyka oraz R. Stankiewicza, Warszawa 2014, ss. 31-37<\/li><li><strong><em>Kontrola i nadz\u00f3r Pa\u0144stwowej Inspekcji Pracy, w: Kontrola dzia\u0142alno\u015bci gospodarczej<\/em><\/strong>, Warszawa 2013, pod red. M. Pawe\u0142czyka oraz R. Stankiewicza, ss. 159-195<\/li><li><strong><em>Formy wykonywania zawodu radcy prawnego (wybrane zagadnienia), w: Publicznoprawny status radcy prawnego<\/em><\/strong>, Warszawa 2012, pod red. M. Pawe\u0142czyka oraz R. Stankiewicza, ss. 187-197<\/li><li><strong><em>Wp\u0142yw kryzysu na warunki pracy w Polsce, w: Polityka spo\u0142eczna w kryzysie<\/em><\/strong>, Warszawa 2009, pod red. M. Ksi\u0119\u017copolskiego, B. Rysz-Kowalczyk oraz C. \u017bo\u0142\u0119dowskiego, ss. 137-145<\/li><li><strong><em>Ryzyko gospodarcze (finansowe) pracodawcy zwi\u0105zane z wykonaniem nakazu p\u0142atniczego inspektora pracy, w: Wynagrodzenie za prac\u0119 w warunkach spo\u0142ecznej gospodarki rynkowej i demokracji,<\/em><\/strong> Warszawa 2009, pod red. W. Sanetry, ss. 311-322<\/li><li><strong><em>Odpowiedzialno\u015b\u0107 karna cz\u0142onk\u00f3w zarz\u0105du za naruszenie praw pracownika, w: Odpowiedzialno\u015b\u0107 cz\u0142onk\u00f3w zarz\u0105du sp\u00f3\u0142ki z o.o.,<\/em><\/strong> Warszawa 2009, pod red. M. Kury\u0142ka, ss. 129-147<\/li><li><strong><em>Uprawnienia inspekcji pracy w \u015bwietle ustawodawstwa polskiego i niemieckiego, w: Pro bono reipublicae, ksi\u0119ga jubileuszowa prof. Micha\u0142a Pietrzaka<\/em><\/strong>, Warszawa 2009, pod red. P. Boreckiego, A. Czphara, T.J. Zieli\u0144skiego, (wsp\u00f3\u0142autorstwo z J. Brylak \u2013 sw\u00f3j udzia\u0142 w autorstwie tej\u017ce publikacji oceniam na 50%) ss. 531-540,<\/li><li><strong><em>Kontrola zak\u0142adowych akt\u00f3w prawnych przez inspekcj\u0119 pracy, w: Indywidualne a zbiorowe prawo pracy<\/em><\/strong>, Warszawa 2007, pod red. L. Florka, ss. 222-232<\/li><li><strong><em>Elastyczne formy zatrudnienia a polityka spo\u0142eczna. Szanse i zagro\u017cenia<\/em><\/strong>, Warszawa 2018<\/li><li><strong><em>Telepraca \u2013elastyczna forma zatrudnienia<\/em><\/strong><strong>, <\/strong>Warszawa 2018<\/li><li><strong><em>Czas pracy radcy prawnego zatrudnionego w administracji samorz\u0105dowej<\/em><\/strong>, \u201eFinanse komunalne\u201d, 2016, Nr 1-2, ss. 5-12<\/li><li><strong><em>Rozwi\u0105zanie umowy o prac\u0119 z radca prawnym zatrudnionym w jednostce samorz\u0105du terytorialnego \u2013 aspekty prawne<\/em><\/strong>, \u201eFinanse Komunalne\u201d, 2015, Nr 4, ss. 5-15<\/li><li><strong>Nadz\u00f3r S\u0105d\u00f3w i Ministra Sprawiedliwo\u015bci nad post\u0119powaniem dyscyplinarnym radc\u00f3w prawnych<\/strong>, \u201eRadca Prawny\u201d, 2015, Nr 2(3), ss. 84-97<\/li><li><strong><em>Post\u0119powanie dyscyplinarne wobec radcy prawnego<\/em><\/strong>, \u201eRadca prawny\u201d 2014, Nr 1, ss. 115-133<\/li><li><strong><em>Zatrudnianie radcy prawnego w jednostkach samorz\u0105du terytorialnego<\/em><\/strong>, \u201eFinanse Komunalne\u201d, 2014, Nr 5, ss. 13-21<\/li><li><strong><em>Uprawnienia przys\u0142uguj\u0105ce aplikantowi radcowskiemu<\/em><\/strong>, \u201eMonitor Prawa Pracy\u201d 2013, Nr 1, s. 17-21<\/li><li><strong><em>Recenzja podr\u0119cznika dr Micha\u0142a Rojewskiego \u201eOchrona w\u0142asno\u015bci intelektualnej\u201d, <\/em><\/strong>Warszawa 2012,<\/li><li><strong><em>Opinia prawna na temat: \u201ePrawno-ustrojowy status Pa\u0144stwowej Inspekcji Pracy a skuteczno\u015b\u0107 jej dzia\u0142ania w \u015bwietle obowi\u0105zuj\u0105cych rozwi\u0105za\u0144 krajowych i europejskich\u201d, <\/em><\/strong>Kancelaria Senatu, Dzia\u0142 Analiz i Opracowa\u0144 Tematycznych OE-84, Warszawa 2008,<\/li><li><strong><em>Ingerencja administracyjna i procesowa organ\u00f3w PIP w sfer\u0119 uznaniowej wolno\u015bci pracodawcy zatrudniania pracownik\u00f3w<\/em><\/strong>, \u201eMonitor Prawa Pracy\u201d, 2008, Nr 1, s. 5-9<\/li><li><strong><em>Przest\u0119pstwa przeciwko prawom os\u00f3b wykonuj\u0105cych prac\u0119 zarobkow\u0105 w kodeksie karnym, cz I<\/em><\/strong>, \u201eRadca Prawny\u201d, 2008, Nr 2, ss. 47-57 (wsp\u00f3\u0142autorstwo z J. Brylak \u2013 sw\u00f3j udzia\u0142 w autorstwie tej\u017ce publikacji oceniam na 50%)<\/li><li><strong><em>Przest\u0119pstwa przeciwko prawom os\u00f3b wykonuj\u0105cych prac\u0119 zarobkow\u0105 w kodeksie karnym, cz II<\/em><\/strong>, \u201eRadca Prawny\u201d, 2008, Nr 2, ss. 53-61 (wsp\u00f3\u0142autorstwo z J. Brylak \u2013 sw\u00f3j udzia\u0142 w autorstwie tej\u017ce publikacji oceniam na 50%)<\/li><li><strong><em>Swoisto\u015b\u0107 stosunk\u00f3w pracy pracownik\u00f3w PIP i zwi\u0105zane z ni\u0105 r\u00f3\u017cne formy odpowiedzialno\u015bci<\/em><\/strong>, \u201eStudia Iuridica\u201d, 2007, Nr 47 ss. 197-203 (wsp\u00f3\u0142autorstwo z J. Brylak \u2013 sw\u00f3j udzia\u0142 w autorstwie tej\u017ce publikacji oceniam na 50%)<\/li><li><strong><em>Odpowiedzialno\u015b\u0107 odszkodowawcza Pa\u0144stwowej Inspekcji Pracy za delikt administracyjny<\/em><\/strong>, \u201ePraca i Zabezpieczenie Spo\u0142eczne\u201d, 2006, <br \/>Nr 3, ss. 21-26<\/li><li><strong><em>Interwencja inspektora pracy w przypadku stanu nietrze\u017awo\u015bci pracownika<\/em><\/strong>, \u201ePraca i Zabezpieczenie Spo\u0142eczne\u201d, 2004, Nr 10, ss. 27-30<\/li><li><strong><em>Uprawnienia PIP zwi\u0105zane z transportem drogowym<\/em><\/strong>, \u201ePraca i Zabezpieczenie Spo\u0142eczne\u201d, 2004, Nr 7, ss. 26-30<\/li><li><strong><em>Kontrola koncentracji przedsi\u0119biorstw w ustawie o ochronie konkurencji i konsument\u00f3w z dnia 15 grudnia 2000 r.,<\/em><\/strong> \u201eRadca Prawny\u201d 2003, Nr 7, ss. 77-97 (wsp\u00f3\u0142autorstwo z R. Stankiewiczem \u2013 sw\u00f3j udzia\u0142 w autorstwie tej publikacji oceniam na 50%)<\/li><li><strong><em>Nakaz p\u0142atniczy inspektora pracy \u2013 artyku\u0142 dyskusyjny<\/em><\/strong>, \u201ePraca i Zabezpieczenie Spo\u0142eczne\u201d, 2002, Nr 8, ss. 15-17<\/li><li><strong><em>Niew\u0142adcze formy interwencji inspektora pracy, <\/em><\/strong>\u201ePrzegl\u0105d Ubezpiecze\u0144 Spo\u0142ecznych i Gospodarczych\u201d, 2002, Nr 4, ss. 32-35<\/li><li><strong><em>Zawiadomienie inspekcji pracy o rozpocz\u0119ciu i poszerzeniu dzia\u0142alno\u015bci, \u201ePrzegl\u0105d Ubezpiecze\u0144 Spo\u0142ecznych i Gospodarczych<\/em><\/strong>\u201d, 2002, <br \/>nr 5, ss. 35-36<\/li><li><strong><em>Agencja pracy tymczasowej,<\/em><\/strong> \u201ePrzegl\u0105d Ubezpiecze\u0144 Spo\u0142ecznych i Gospodarczych\u201d 2002, Nr 7, s. 6-7<\/li><li><strong><em>Praca w niepe\u0142nym wymiarze czasu pracy,<\/em><\/strong> \u201ePrzegl\u0105d Ubezpiecze\u0144 Spo\u0142ecznych i Gospodarczych\u201d 2002, Nr 10, ss. 39-40<\/li><li><strong><em>Wypadki zr\u00f3wnane z wypadkami przy pracy<\/em><\/strong>, \u201ePrzegl\u0105d Ubezpiecze\u0144 Spo\u0142ecznych i Gospodarczych\u201d, 2002, Nr 12, s. 4-6<\/li><li><strong><em>Zwolnienia grupowe,<\/em><\/strong> \u201eWynagrodzenia\u201d 2001, Nr 4, ss. 16-20<\/li><li><strong><em>Post\u0119powanie w sprawach o wykroczenia przeciwko prawom pracownika,<\/em><\/strong> \u201ePrzegl\u0105d Ubezpiecze\u0144 Spo\u0142ecznych i Gospodarczych\u201d 2001, <br \/>Nr 5, ss. 11-14<\/li><li><strong><em>Plan urlop\u00f3w<\/em><\/strong>, \u201ePrzegl\u0105d Ubezpiecze\u0144 Spo\u0142ecznych i Gospodarczych\u201d, 2001, Nr 6, s. 3-5<\/li><li><strong><em>R\u00f3wnowa\u017cny czas pracy,<\/em><\/strong> \u201eWynagrodzenia\u201d 2001, Nr 14\/15, 25-27<\/li><li><strong><em>Nowelizacja ustawy o Pa\u0144stwowej Inspekcji Pracy<\/em><\/strong>, \u201ePrzegl\u0105d Ubezpiecze\u0144 spo\u0142ecznych i Gospodarczych\u201d, 2001, Nr 9, s. 3-6<\/li><li><strong><em>Wypowiadanie um\u00f3w o prace<\/em><\/strong>, \u201eWynagrodzenia\u201d 2001, Nr 22\/23, ss. 26-30<\/li><li><strong><em>\u015awiadczenie urlopowe<\/em><\/strong>, \u201eWynagrodzenia\u201d 2000, Nr 18, ss. 22-23<\/li><\/ol>\t\t\t\t\t<\/div>\n\t\t\t\t\t\t<\/div>\n\t\t\t\t<\/div>\n\t\t\t\t\t\t<\/div>\n\t\t\t\t\t<\/div>\n\t\t<\/div>\n\t\t\t\t\t\t\t\t<\/div>\n\t\t\t\t\t<\/div>\n\t\t<\/section>\n\t\t\t\t\t\t<\/div>\n\t\t\t\t\t<\/div>\n\t\t<\/div>\n\t\t\t\t\t\t\t\t<\/div>\n\t\t\t\t\t<\/div>\n\t\t<\/section>\n\t\t\t\t\t\t<\/div>\n\t\t\t\t\t\t<\/div>\n\t\t\t\t\t<\/div>\n\t\t","protected":false},"excerpt":{"rendered":"<p>publikacje Dyskryminacja w zatrudnieniu, Warszawa 2018, ss. 314 Kontrola i nadz\u00f3r Pa\u0144stwowej Inspekcji Pracy warunk\u00f3w pracy u pracodawcy, Warszawa 2008, ss. 90 Ustawa o radcach prawnych, komentarz, Warszawa 2018 (wsp\u00f3\u0142autorstwo z L. Korczak; J. Lema\u0144ska; M. Oko\u0144; J. Przygodzki; T. Scheffler; B. So\u0142tys; R. Stankiewicz \u2013 sw\u00f3j udzia\u0142 oceniam na 12%), ss. 1012 Pisma i&hellip;&nbsp;<a href=\"https:\/\/niedzinski.pl\/index.php\/publikacje\/\" class=\"\" rel=\"bookmark\">Czytaj dalej &raquo;<span class=\"screen-reader-text\">publikacje<\/span><\/a><\/p>\n","protected":false},"author":1,"featured_media":0,"parent":0,"menu_order":0,"comment_status":"closed","ping_status":"closed","template":"","meta":{"neve_meta_sidebar":"full-width","neve_meta_container":"","neve_meta_enable_content_width":"on","neve_meta_content_width":100,"neve_meta_title_alignment":"","neve_meta_author_avatar":"","neve_post_elements_order":"","neve_meta_disable_header":"","neve_meta_disable_footer":"","neve_meta_disable_title":"on"},"_links":{"self":[{"href":"https:\/\/niedzinski.pl\/index.php\/wp-json\/wp\/v2\/pages\/213"}],"collection":[{"href":"https:\/\/niedzinski.pl\/index.php\/wp-json\/wp\/v2\/pages"}],"about":[{"href":"https:\/\/niedzinski.pl\/index.php\/wp-json\/wp\/v2\/types\/page"}],"author":[{"embeddable":true,"href":"https:\/\/niedzinski.pl\/index.php\/wp-json\/wp\/v2\/users\/1"}],"replies":[{"embeddable":true,"href":"https:\/\/niedzinski.pl\/index.php\/wp-json\/wp\/v2\/comments?post=213"}],"version-history":[{"count":35,"href":"https:\/\/niedzinski.pl\/index.php\/wp-json\/wp\/v2\/pages\/213\/revisions"}],"predecessor-version":[{"id":706,"href":"https:\/\/niedzinski.pl\/index.php\/wp-json\/wp\/v2\/pages\/213\/revisions\/706"}],"wp:attachment":[{"href":"https:\/\/niedzinski.pl\/index.php\/wp-json\/wp\/v2\/media?parent=213"}],"curies":[{"name":"wp","href":"https:\/\/api.w.org\/{rel}","templated":true}]}}